{"id":9132,"date":"2023-11-15T10:32:37","date_gmt":"2023-11-15T10:32:37","guid":{"rendered":"https:\/\/www.sozatours.com\/?post_type=product&#038;p=9132"},"modified":"2024-10-29T07:07:12","modified_gmt":"2024-10-29T07:07:12","slug":"sefar-lodyssee-de-lhomme","status":"publish","type":"product","link":"https:\/\/www.sozatours.com\/en\/tour\/sefar-lodyssee-de-lhomme\/","title":{"rendered":"SEFAR THE ODYSSEY OF MAN"},"content":{"rendered":"<p>Sefar is an ancient troglodyte city located in the heart of the Tassili n'Ajjer mountain range, in the Sahara desert. Nicknamed \u00abthe city of stones\u00bb, it is the largest troglodyte city in the world, composed of thousands of fossilized houses.<\/p>\n<p>A UNESCO World Heritage Site, it houses an incredible open-air museum of prehistoric art with thousands of drawings, engravings and rock paintings dating back over 12,000 years.<\/p>\n<p>These works represent scenes of hunting, animals and everyday life, testifying to the ancient history of the region.<\/p>\n<p>Access to Sefar is difficult, being done only on foot through steep paths, offering visitors a unique and immersive experience in an exceptional desert environment, where wild animals like gazelles and ibex can be seen.<\/p>\n<p>We also offer tailor-made tours according to your preferences and specific requests to ensure a personalized and unforgettable travel experience<\/p>","protected":false},"excerpt":{"rendered":"<p>Sefar, cit\u00e9 troglodyte g\u00e9ante de l&rsquo;UNESCO, abrite un mus\u00e9e d&rsquo;art pr\u00e9historique unique avec des milliers de peintures rupestres vieilles de 12000 ans. Site immersif exceptionnel du Tassili n&rsquo;Ajjer peupl\u00e9 de gazelles et bouquetins.<\/p>","protected":false},"featured_media":9144,"comment_status":"open","ping_status":"closed","template":"","meta":{"om_disable_all_campaigns":false,"_monsterinsights_skip_tracking":false,"_monsterinsights_sitenote_active":false,"_monsterinsights_sitenote_note":"","_monsterinsights_sitenote_category":0},"product_cat":[15],"product_tag":[],"class_list":["post-9132","product","type-product","status-publish","has-post-thumbnail","hentry","product_cat-uncategorized"],"aioseo_notices":[],"_links":{"self":[{"href":"https:\/\/www.sozatours.com\/en\/wp-json\/wp\/v2\/product\/9132","targetHints":{"allow":["GET"]}}],"collection":[{"href":"https:\/\/www.sozatours.com\/en\/wp-json\/wp\/v2\/product"}],"about":[{"href":"https:\/\/www.sozatours.com\/en\/wp-json\/wp\/v2\/types\/product"}],"replies":[{"embeddable":true,"href":"https:\/\/www.sozatours.com\/en\/wp-json\/wp\/v2\/comments?post=9132"}],"wp:featuredmedia":[{"embeddable":true,"href":"https:\/\/www.sozatours.com\/en\/wp-json\/wp\/v2\/media\/9144"}],"wp:attachment":[{"href":"https:\/\/www.sozatours.com\/en\/wp-json\/wp\/v2\/media?parent=9132"}],"wp:term":[{"taxonomy":"product_cat","embeddable":true,"href":"https:\/\/www.sozatours.com\/en\/wp-json\/wp\/v2\/product_cat?post=9132"},{"taxonomy":"product_tag","embeddable":true,"href":"https:\/\/www.sozatours.com\/en\/wp-json\/wp\/v2\/product_tag?post=9132"}],"curies":[{"name":"wp","href":"https:\/\/api.w.org\/{rel}","templated":true}]}}