{"id":8958,"date":"2023-11-08T12:46:34","date_gmt":"2023-11-08T12:46:34","guid":{"rendered":"https:\/\/www.sozatours.com\/?post_type=product&#038;p=8958"},"modified":"2026-04-23T15:16:43","modified_gmt":"2026-04-23T15:16:43","slug":"essendilene-trek-8-jours","status":"publish","type":"product","link":"https:\/\/www.sozatours.com\/es\/tour\/essendilene-trek-8-jours\/","title":{"rendered":"ESSENDILENE EL SANTUARIO VERDE (5 D\u00cdAS)"},"content":{"rendered":"<div dir=\"auto\">\n<p><span style=\"font-weight: 400;\">Bienvenido a la incre\u00edble serenidad del Ca\u00f1\u00f3n de Essendilene, un tesoro preservado en el que la naturaleza revela sus secretos mejor guardados. Prep\u00e1rate para una escapada \u00edntima, lejos de los caminos trillados, donde cada paso revela una nueva maravilla.<\/span><\/p>\n<ul>\n<li style=\"font-weight: 400;\" aria-level=\"1\"><span style=\"font-weight: 400;\">Gorges Encaiss\u00e9es \u00c9nigmatiques: Plongez dans les myst\u00e9rieuses gorges d&rsquo;Essendil\u00e8ne, des fentes dans la terre qui vous transporteront dans un labyrinthe naturel. Laissez-vous envelopper par l&rsquo;intimit\u00e9 de ces parois rocheuses qui murmurent des histoires anciennes.<\/span><\/li>\n<li style=\"font-weight: 400;\" aria-level=\"1\"><span style=\"font-weight: 400;\">Rocas Esculpidas por la Erosi\u00f3n: Explora rocas con formas sorprendentes, esculturas naturales talladas por las fuerzas implacables de la erosi\u00f3n. Cada contorno cuenta una saga geol\u00f3gica, una obra de arte ef\u00edmera formada por el paso del tiempo.<\/span><\/li>\n<li style=\"font-weight: 400;\" aria-level=\"1\"><span style=\"font-weight: 400;\">Oasis Verdes Ocultos: Descubre peque\u00f1os oasis entre acantilados, joyas verdes emergen como espejismos en el coraz\u00f3n del desierto mineral. Remansos de vida que a\u00f1aden un toque de esmeralda a este cuadro des\u00e9rtico.<\/span><\/li>\n<li style=\"font-weight: 400;\" aria-level=\"1\"><span style=\"font-weight: 400;\">Senderismo en Soledad: Recorre senderos menos transitados, donde el silencio se convierte en tu compa\u00f1ero de camino. Cada paso te acerca m\u00e1s a la paz interior, mientras que el ca\u00f1\u00f3n revela sus encantos a aquellos que se toman el tiempo para disfrutarlo.<\/span><\/li>\n<li style=\"font-weight: 400;\" aria-level=\"1\"><span style=\"font-weight: 400;\">Observaci\u00f3n de paisajes impresionantes: Prep\u00e1rate para ser sorprendido por vistas impresionantes en cada giro. Vistas que cautivan el alma e impregnan tu mente de una belleza salvaje y salvaje.<\/span><\/li>\n<\/ul>\n<p><span style=\"font-weight: 400;\">El Ca\u00f1\u00f3n de Essendilene no es simplemente un lugar de senderismo, es un santuario donde la naturaleza revela su lado m\u00e1s \u00edntimo. Una experiencia que te invita a perderte para encontrarte mejor en el coraz\u00f3n del discreto esplendor de Argelia.<\/span><\/p>\n<p><strong>Puntos fuertes:<\/strong> :<br \/>\n- Una larga caminata entre enormes bosques de piedra.<br \/>\n- M\u00e1ximo cambio de escenario en el menor tiempo posible.<br \/>\n- Valles verdes, frescos, arroyos, ba\u00f1os.<\/p>\n<p>Tambi\u00e9n ofrecemos tours personalizados seg\u00fan sus preferencias y peticiones espec\u00edficas para garantizar una experiencia de viaje personalizada e inolvidable<\/p>\n<\/div>","protected":false},"excerpt":{"rendered":"<p><span style=\"font-weight: 400;\">Peu fr\u00e9quent\u00e9, le canyon d&rsquo;Essendil\u00e8ne s\u00e9duit par ses gorges encaiss\u00e9es, ses rochers aux formes surprenantes fa\u00e7onn\u00e9s par l&rsquo;\u00e9rosion et ses petites oasis verdoyantes nich\u00e9es entre les falaises. Un lieu id\u00e9al pour la randonn\u00e9e et l&rsquo;observation des paysages.<\/span><\/p>","protected":false},"featured_media":8959,"comment_status":"open","ping_status":"closed","template":"","meta":{"om_disable_all_campaigns":false,"_monsterinsights_skip_tracking":false,"_monsterinsights_sitenote_active":false,"_monsterinsights_sitenote_note":"","_monsterinsights_sitenote_category":0},"product_cat":[15],"product_tag":[84,85],"class_list":["post-8958","product","type-product","status-publish","has-post-thumbnail","hentry","product_cat-uncategorized","product_tag-canyon-dessendilene","product_tag-parc-national-du-tassil"],"aioseo_notices":[],"_links":{"self":[{"href":"https:\/\/www.sozatours.com\/es\/wp-json\/wp\/v2\/product\/8958","targetHints":{"allow":["GET"]}}],"collection":[{"href":"https:\/\/www.sozatours.com\/es\/wp-json\/wp\/v2\/product"}],"about":[{"href":"https:\/\/www.sozatours.com\/es\/wp-json\/wp\/v2\/types\/product"}],"replies":[{"embeddable":true,"href":"https:\/\/www.sozatours.com\/es\/wp-json\/wp\/v2\/comments?post=8958"}],"wp:featuredmedia":[{"embeddable":true,"href":"https:\/\/www.sozatours.com\/es\/wp-json\/wp\/v2\/media\/8959"}],"wp:attachment":[{"href":"https:\/\/www.sozatours.com\/es\/wp-json\/wp\/v2\/media?parent=8958"}],"wp:term":[{"taxonomy":"product_cat","embeddable":true,"href":"https:\/\/www.sozatours.com\/es\/wp-json\/wp\/v2\/product_cat?post=8958"},{"taxonomy":"product_tag","embeddable":true,"href":"https:\/\/www.sozatours.com\/es\/wp-json\/wp\/v2\/product_tag?post=8958"}],"curies":[{"name":"wp","href":"https:\/\/api.w.org\/{rel}","templated":true}]}}