{"id":9132,"date":"2023-11-15T10:32:37","date_gmt":"2023-11-15T10:32:37","guid":{"rendered":"https:\/\/www.sozatours.com\/?post_type=product&#038;p=9132"},"modified":"2024-10-29T07:07:12","modified_gmt":"2024-10-29T07:07:12","slug":"sefar-lodyssee-de-lhomme","status":"publish","type":"product","link":"https:\/\/www.sozatours.com\/es\/tour\/sefar-lodyssee-de-lhomme\/","title":{"rendered":"SEFAR LA ODISEA DEL HOMBRE"},"content":{"rendered":"<p>Sefar es una antigua ciudad troglodita situada en el coraz\u00f3n del macizo monta\u00f1oso de Tassili n'Ajjer, en el desierto del Sahara. Conocida como \u00abla ciudad de las piedras\u00bb, es la ciudad troglodita m\u00e1s grande del mundo, compuesta por miles de casas fosilizadas.<\/p>\n<p>Declarada Patrimonio de la Humanidad por la UNESCO, alberga un incre\u00edble museo de arte prehist\u00f3rico a cielo abierto con miles de dibujos, grabados y pinturas rupestres que datan de m\u00e1s de 12.000 a\u00f1os.<\/p>\n<p>Estas obras representan escenas de caza, animales y la vida cotidiana, testimonio de la historia antigua de la regi\u00f3n.<\/p>\n<p>El acceso a Sefar es dif\u00edcil, solo a pie a trav\u00e9s de senderos empinados, ofreciendo a los visitantes una experiencia \u00fanica y inmersiva en un entorno des\u00e9rtico excepcional, donde se pueden ver animales salvajes como gacelas y \u00edbices.<\/p>\n<p>Tambi\u00e9n ofrecemos tours personalizados seg\u00fan sus preferencias y peticiones espec\u00edficas para garantizar una experiencia de viaje personalizada e inolvidable<\/p>","protected":false},"excerpt":{"rendered":"<p>Sefar, cit\u00e9 troglodyte g\u00e9ante de l&rsquo;UNESCO, abrite un mus\u00e9e d&rsquo;art pr\u00e9historique unique avec des milliers de peintures rupestres vieilles de 12000 ans. Site immersif exceptionnel du Tassili n&rsquo;Ajjer peupl\u00e9 de gazelles et bouquetins.<\/p>","protected":false},"featured_media":9144,"comment_status":"open","ping_status":"closed","template":"","meta":{"om_disable_all_campaigns":false,"_monsterinsights_skip_tracking":false,"_monsterinsights_sitenote_active":false,"_monsterinsights_sitenote_note":"","_monsterinsights_sitenote_category":0},"product_cat":[15],"product_tag":[],"class_list":["post-9132","product","type-product","status-publish","has-post-thumbnail","hentry","product_cat-uncategorized"],"aioseo_notices":[],"_links":{"self":[{"href":"https:\/\/www.sozatours.com\/es\/wp-json\/wp\/v2\/product\/9132","targetHints":{"allow":["GET"]}}],"collection":[{"href":"https:\/\/www.sozatours.com\/es\/wp-json\/wp\/v2\/product"}],"about":[{"href":"https:\/\/www.sozatours.com\/es\/wp-json\/wp\/v2\/types\/product"}],"replies":[{"embeddable":true,"href":"https:\/\/www.sozatours.com\/es\/wp-json\/wp\/v2\/comments?post=9132"}],"wp:featuredmedia":[{"embeddable":true,"href":"https:\/\/www.sozatours.com\/es\/wp-json\/wp\/v2\/media\/9144"}],"wp:attachment":[{"href":"https:\/\/www.sozatours.com\/es\/wp-json\/wp\/v2\/media?parent=9132"}],"wp:term":[{"taxonomy":"product_cat","embeddable":true,"href":"https:\/\/www.sozatours.com\/es\/wp-json\/wp\/v2\/product_cat?post=9132"},{"taxonomy":"product_tag","embeddable":true,"href":"https:\/\/www.sozatours.com\/es\/wp-json\/wp\/v2\/product_tag?post=9132"}],"curies":[{"name":"wp","href":"https:\/\/api.w.org\/{rel}","templated":true}]}}