{"id":9169,"date":"2023-11-15T11:48:46","date_gmt":"2023-11-15T11:48:46","guid":{"rendered":"https:\/\/www.sozatours.com\/?post_type=product&#038;p=9169"},"modified":"2023-11-16T15:40:31","modified_gmt":"2023-11-16T15:40:31","slug":"timimoune-loasis-rouge","status":"publish","type":"product","link":"https:\/\/www.sozatours.com\/es\/tour\/timimoune-loasis-rouge\/","title":{"rendered":"TIMIMOUN EL OASIS ROJO"},"content":{"rendered":"<p>Timimoun, situada en el coraz\u00f3n del Sahara argelino, es una ciudad oasiana conocida por su belleza \u00fanica y su ambiente tranquilo. La ciudad est\u00e1 rodeada de hermosas dunas de arena dorada, exuberantes palmerales y casas de adobe tradicionales, ofreciendo un espect\u00e1culo impresionante.<\/p>\n<p>La principal atracci\u00f3n de Timimoun es sin duda su casco antiguo, conocido como Ksar. Esta compleja red de callejuelas estrechas, escaleras de caracol y casas de tierra crea un laberinto fascinante. Los habitantes construyeron el Ksar de esta manera para protegerse de las tormentas de arena y los fuertes calores del desierto, creando una verdadera obra maestra arquitect\u00f3nica.<\/p>\n<p>Los visitantes pueden pasear por los callejones de Ksar, admirando el ingenio de los habitantes que han sabido adaptarse al clima extremo de la regi\u00f3n. Las casas de adobe, con paredes gruesas, ofrecen un aislamiento natural notable, permitiendo mantener una temperatura agradable en el interior, incluso en pleno calor.<\/p>\n<p>Adem\u00e1s de la propia ciudad, Timimoun est\u00e1 rodeada de hermosos paisajes naturales. Las dunas de arena ofrecen un espect\u00e1culo impresionante, especialmente al amanecer y al atardecer cuando los colores cambian y crean un cuadro vivo real. Los palmerales, que proporcionan sombra y recursos a los habitantes, a\u00f1aden un toque de verdor a este paisaje des\u00e9rtico.<\/p>\n<p>Muchos visitantes vienen a Timimoun para descubrir la cultura y las tradiciones de los habitantes del desierto. Los artesanos locales producen alfombras, cer\u00e1mica y otros objetos artesanales de gran belleza, que reflejan el rico y colorido patrimonio de la regi\u00f3n.<\/p>\n<p>Para los amantes de la aventura, Timimoun tambi\u00e9n ofrece oportunidades \u00fanicas para explorar el desierto. Excursiones en camello, caminatas por las dunas y noches bajo las estrellas ofrecen experiencias inolvidables en el coraz\u00f3n del Sahara.<\/p>\n<p>En resumen, Timimoun es un destino fascinante que atrae a viajeros que buscan autenticidad, belleza natural y riqueza cultural. Su combinaci\u00f3n \u00fanica de espectaculares paisajes, arquitectura tradicional y tradiciones vivas lo convierten en una experiencia por derecho propio para cualquiera que desee explorar la belleza y la diversidad del Sahara.<\/p>\n<p>&nbsp;<\/p>\n<p><strong>prever<\/strong><br \/>\nV\u00eatements chauds pour la nuit<\/p>\n<p class=\" translation-block\">Chaussures de randonn\u00e9e confortables<br>\r\nChapeau ou casquette<br>\r\nLingettes pour se rafraichir<br>\r\nBeurre de cacao<br>\r\nCr\u00e8me&nbsp;solaire<\/p>\n<p>&nbsp;<\/p>\n<p>Tambi\u00e9n ofrecemos tours personalizados seg\u00fan sus preferencias y peticiones espec\u00edficas para garantizar una experiencia de viaje personalizada e inolvidable<\/p>","protected":false},"excerpt":{"rendered":"<p>L&rsquo;Oasis Rouge s\u00e9duit par le contraste entre le sable de ses dunes rougeoyantes et les maisons ocre du vieux ksar de Timimoune<\/p>","protected":false},"featured_media":9170,"comment_status":"open","ping_status":"closed","template":"","meta":{"om_disable_all_campaigns":false,"_monsterinsights_skip_tracking":false,"_monsterinsights_sitenote_active":false,"_monsterinsights_sitenote_note":"","_monsterinsights_sitenote_category":0},"product_cat":[33],"product_tag":[],"class_list":["post-9169","product","type-product","status-publish","has-post-thumbnail","hentry","product_cat-desert"],"aioseo_notices":[],"_links":{"self":[{"href":"https:\/\/www.sozatours.com\/es\/wp-json\/wp\/v2\/product\/9169","targetHints":{"allow":["GET"]}}],"collection":[{"href":"https:\/\/www.sozatours.com\/es\/wp-json\/wp\/v2\/product"}],"about":[{"href":"https:\/\/www.sozatours.com\/es\/wp-json\/wp\/v2\/types\/product"}],"replies":[{"embeddable":true,"href":"https:\/\/www.sozatours.com\/es\/wp-json\/wp\/v2\/comments?post=9169"}],"wp:featuredmedia":[{"embeddable":true,"href":"https:\/\/www.sozatours.com\/es\/wp-json\/wp\/v2\/media\/9170"}],"wp:attachment":[{"href":"https:\/\/www.sozatours.com\/es\/wp-json\/wp\/v2\/media?parent=9169"}],"wp:term":[{"taxonomy":"product_cat","embeddable":true,"href":"https:\/\/www.sozatours.com\/es\/wp-json\/wp\/v2\/product_cat?post=9169"},{"taxonomy":"product_tag","embeddable":true,"href":"https:\/\/www.sozatours.com\/es\/wp-json\/wp\/v2\/product_tag?post=9169"}],"curies":[{"name":"wp","href":"https:\/\/api.w.org\/{rel}","templated":true}]}}