{"id":9242,"date":"2023-11-16T09:16:03","date_gmt":"2023-11-16T09:16:03","guid":{"rendered":"https:\/\/www.sozatours.com\/?post_type=product&#038;p=9242"},"modified":"2023-11-17T16:16:26","modified_gmt":"2023-11-17T16:16:26","slug":"oran-et-tlemcen-cites-envoutantes-de-louest-algerien","status":"publish","type":"product","link":"https:\/\/www.sozatours.com\/es\/tour\/oran-et-tlemcen-cites-envoutantes-de-louest-algerien\/","title":{"rendered":"Or\u00e1n y Tlemcen: Ciudades Fascinantes del Oeste Argelino"},"content":{"rendered":"<p>Explore Or\u00e1n, una ciudad costera con influencias multiculturales, y Tlemcen, cuna del arte andaluz y la arquitectura isl\u00e1mica, en este fascinante viaje.<\/p>\n<p>Tambi\u00e9n ofrecemos tours personalizados seg\u00fan sus preferencias y peticiones espec\u00edficas para garantizar una experiencia de viaje personalizada e inolvidable<\/p>","protected":false},"excerpt":{"rendered":"<p>Explore Or\u00e1n, una ciudad costera con influencias multiculturales, y Tlemcen, cuna del arte andaluz y la arquitectura isl\u00e1mica, en este fascinante viaje.<\/p>","protected":false},"featured_media":9250,"comment_status":"open","ping_status":"closed","template":"","meta":{"om_disable_all_campaigns":false,"_monsterinsights_skip_tracking":false,"_monsterinsights_sitenote_active":false,"_monsterinsights_sitenote_note":"","_monsterinsights_sitenote_category":0},"product_cat":[80,79],"product_tag":[],"class_list":["post-9242","product","type-product","status-publish","has-post-thumbnail","hentry","product_cat-exploration","product_cat-sites-historiques"],"aioseo_notices":[],"_links":{"self":[{"href":"https:\/\/www.sozatours.com\/es\/wp-json\/wp\/v2\/product\/9242","targetHints":{"allow":["GET"]}}],"collection":[{"href":"https:\/\/www.sozatours.com\/es\/wp-json\/wp\/v2\/product"}],"about":[{"href":"https:\/\/www.sozatours.com\/es\/wp-json\/wp\/v2\/types\/product"}],"replies":[{"embeddable":true,"href":"https:\/\/www.sozatours.com\/es\/wp-json\/wp\/v2\/comments?post=9242"}],"wp:featuredmedia":[{"embeddable":true,"href":"https:\/\/www.sozatours.com\/es\/wp-json\/wp\/v2\/media\/9250"}],"wp:attachment":[{"href":"https:\/\/www.sozatours.com\/es\/wp-json\/wp\/v2\/media?parent=9242"}],"wp:term":[{"taxonomy":"product_cat","embeddable":true,"href":"https:\/\/www.sozatours.com\/es\/wp-json\/wp\/v2\/product_cat?post=9242"},{"taxonomy":"product_tag","embeddable":true,"href":"https:\/\/www.sozatours.com\/es\/wp-json\/wp\/v2\/product_tag?post=9242"}],"curies":[{"name":"wp","href":"https:\/\/api.w.org\/{rel}","templated":true}]}}